{"id":1311,"date":"2020-01-29T13:17:48","date_gmt":"2020-01-29T13:17:48","guid":{"rendered":"https:\/\/myguestrelation.com\/?page_id=1311"},"modified":"2024-07-04T14:47:54","modified_gmt":"2024-07-04T14:47:54","slug":"charte-de-confidentialite","status":"publish","type":"page","link":"https:\/\/myguestrelation.com\/en\/charte-de-confidentialite\/","title":{"rendered":"Privacy Policy"},"content":{"rendered":"<p>[et_pb_section fb_built=\u00a0\u00bb1&Prime; admin_label=\u00a0\u00bbHero section\u00a0\u00bb _builder_version=\u00a0\u00bb4.25.2&Prime; use_background_color_gradient=\u00a0\u00bbon\u00a0\u00bb background_color_gradient_direction=\u00a0\u00bb268deg\u00a0\u00bb background_color_gradient_stops=\u00a0\u00bbrgba(165,165,165,0.68) 24%|rgba(0,0,40,0.57) 100%\u00a0\u00bb background_color_gradient_overlays_image=\u00a0\u00bbon\u00a0\u00bb background_color_gradient_start=\u00a0\u00bbrgba(165,165,165,0.68)\u00a0\u00bb background_color_gradient_start_position=\u00a0\u00bb24%\u00a0\u00bb background_color_gradient_end=\u00a0\u00bbrgba(0,0,40,0.57)\u00a0\u00bb background_image=\u00a0\u00bbhttps:\/\/myguestrelation.com\/wp-content\/uploads\/2020\/03\/en-tete-charte-de-confidentialite\u0301-guestrelation-scaled.jpg\u00a0\u00bb background_position=\u00a0\u00bbcenter_right\u00a0\u00bb background_repeat=\u00a0\u00bbround\u00a0\u00bb min_height=\u00a0\u00bb100px\u00a0\u00bb height=\u00a0\u00bb368px\u00a0\u00bb max_height=\u00a0\u00bb1000px\u00a0\u00bb custom_margin=\u00a0\u00bb|||\u00a0\u00bb custom_padding=\u00a0\u00bb10%||10.7%|||\u00a0\u00bb filter_saturate=\u00a0\u00bb101%\u00a0\u00bb filter_contrast=\u00a0\u00bb94%\u00a0\u00bb hover_enabled=\u00a0\u00bb0&Prime; global_colors_info=\u00a0\u00bb{}\u00a0\u00bb min_height_last_edited=\u00a0\u00bbon|phone\u00a0\u00bb sticky_enabled=\u00a0\u00bb0&Prime; min_height_tablet=\u00a0\u00bb100px\u00a0\u00bb min_height_phone=\u00a0\u00bb100px\u00a0\u00bb][\/et_pb_section][et_pb_section fb_built=\u00a0\u00bb1&Prime; _builder_version=\u00a0\u00bb4.25.2&Prime; width=\u00a0\u00bb100%\u00a0\u00bb module_alignment=\u00a0\u00bbcenter\u00a0\u00bb custom_margin=\u00a0\u00bb-272px|||0px|false|false\u00a0\u00bb custom_padding=\u00a0\u00bb59px|||0px|false|false\u00a0\u00bb hover_enabled=\u00a0\u00bb0&Prime; global_colors_info=\u00a0\u00bb{}\u00a0\u00bb sticky_enabled=\u00a0\u00bb0&Prime;][et_pb_row _builder_version=\u00a0\u00bb4.25.2&Prime; _module_preset=\u00a0\u00bbdefault\u00a0\u00bb][et_pb_column _builder_version=\u00a0\u00bb4.25.2&Prime; _module_preset=\u00a0\u00bbdefault\u00a0\u00bb type=\u00a0\u00bb4_4&Prime;][et_pb_text _builder_version=\u00a0\u00bb4.25.2&Prime; _module_preset=\u00a0\u00bbdefault\u00a0\u00bb hover_enabled=\u00a0\u00bb0&Prime; sticky_enabled=\u00a0\u00bb0&Prime;]<\/p>\n<h1><b>Charte de confidentialit\u00e9<\/b><\/h1>\n<p>&nbsp;<\/p>\n<p><span style=\"font-weight: 400;\">Notre charte de confidentialit\u00e9 et de la protection des donn\u00e9es personnelles (RGPD) a pour but de vous informer par rapport au traitement de vos donn\u00e9es \u00e0 caract\u00e8re personnel. Vos donn\u00e9es personnelles sont s\u00e9curis\u00e9es et sont trait\u00e9es dans le respect de la loi \u201cInformatique et Libert\u00e9\u201d du 6 janvier 1978 et des normes \u00e9dict\u00e9es par la CNIL.<\/span><\/p>\n<p><span style=\"font-weight: 400;\">Lors de votre visite sur notre site internet, pour faciliter nos \u00e9changes nous vous invitons \u00e0 nous contacter via notre formulaire de contact. Pour traiter au mieux vos demandes, vous devez renseigner les informations suivantes : nom, email et num\u00e9ro de t\u00e9l\u00e9phone.<\/span><\/p>\n<p><span style=\"font-weight: 400;\"><\/span><\/p>\n<p><span style=\"font-weight: 400;\"><\/span><\/p>\n<h2><b>S\u00e9curit\u00e9 des informations visiteurs<\/b><\/h2>\n<p>&nbsp;<\/p>\n<p><span style=\"font-weight: 400;\">My Guest Relation est responsable du traitement des donn\u00e9es, vos informations personnelles sont dans une base de donn\u00e9es s\u00e9curis\u00e9e. L\u2019acc\u00e8s est r\u00e9serv\u00e9 \u00e0 un nombre limit\u00e9 de personnes tenues \u00e0 une obligation de confidentialit\u00e9.<\/span><\/p>\n<p><span style=\"font-weight: 400;\">Les donn\u00e9es \u00e0 caract\u00e8re personnel sont conserv\u00e9es pendant toute la dur\u00e9e de notre relation commerciale.<\/span><\/p>\n<p><span style=\"font-weight: 400;\">\u00c0 compter de la fin de la relation commerciale, les donn\u00e9es peuvent \u00eatre conserv\u00e9es pendant un d\u00e9lai de 3 ans.\u00a0<\/span><\/p>\n<p><span style=\"font-weight: 400;\">Au terme de ce d\u00e9lai de 3 ans, nous pourrons reprendre contact avec vous pour savoir si vous souhaitez continuer \u00e0 recevoir des sollicitations commerciales.<\/span><\/p>\n<p><span style=\"font-weight: 400;\"><\/span><\/p>\n<p><span style=\"font-weight: 400;\"><\/span><\/p>\n<h2><b>Quels sont vos droits concernant vos donn\u00e9es ?<\/b><\/h2>\n<h3><b><\/b><\/h3>\n<h3><b><\/b><\/h3>\n<h3><b><\/b><\/h3>\n<h3><b>Droit d\u2019acc\u00e8s<\/b><\/h3>\n<p><span style=\"font-weight: 400;\"><\/span><\/p>\n<p><span style=\"font-weight: 400;\"><\/span><\/p>\n<p><span style=\"font-weight: 400;\">\u00c0 tout moment, vous pouvez demander l\u2019acc\u00e8s aux informations relatives \u00e0 vos donn\u00e9es personnelles.<\/span><\/p>\n<h3><b><\/b><\/h3>\n<h3><b>Droit de rectification<\/b><\/h3>\n<p><span style=\"font-weight: 400;\"><\/span><\/p>\n<p><span style=\"font-weight: 400;\">Lorsque vous estimez que vos donn\u00e9es doivent \u00eatre mises \u00e0 jour, vous avez le droit de rectifier vos informations personnelles.<\/span><\/p>\n<h3><b><\/b><\/h3>\n<h3><b>Droit d\u2019opposition<\/b><\/h3>\n<p><span style=\"font-weight: 400;\"><\/span><\/p>\n<p><span style=\"font-weight: 400;\">Vous avez le droit de vous opposer au traitement de vos donn\u00e9es \u00e0 condition de justifier d\u2019un motif l\u00e9gitime.<\/span><\/p>\n<h3><b>Droit \u00e0 l\u2019oubli<\/b><\/h3>\n<p><span style=\"font-weight: 400;\"><\/span><\/p>\n<p><span style=\"font-weight: 400;\">Vous pouvez exiger que vos donn\u00e9es \u00e0 caract\u00e8re personnel soient effac\u00e9es, et d\u2019en interdire toute collecte future.<\/span><\/p>\n<h3><b><\/b><\/h3>\n<h3><b>Droit de portabilit\u00e9<\/b><\/h3>\n<p><span style=\"font-weight: 400;\"><\/span><\/p>\n<p><span style=\"font-weight: 400;\">Vous avez le droit de recevoir dans un format lisible les donn\u00e9es personnelles que vous nous avez transmises. Vous pouvez exiger le transfert de ces informations \u00e0 un destinataire de votre choix.<\/span><\/p>\n<h3><b><\/b><\/h3>\n<h3><b>Droit \u00e0 la limitation<\/b><\/h3>\n<p><span style=\"font-weight: 400;\"><\/span><\/p>\n<p><span style=\"font-weight: 400;\">Dans certains cas d\u00e9finis \u00e0 l\u2019art.18 du RGPD, vous avez le droit d\u2019obtenir la limitation du traitement de vos donn\u00e9es.<\/span><\/p>\n<h3><b><\/b><\/h3>\n<h3><b>Droit d\u2019introduire une r\u00e9clamation<\/b><\/h3>\n<p><span style=\"font-weight: 400;\"><\/span><\/p>\n<p><span style=\"font-weight: 400;\">Si vous \u00eates insatisfait du traitement de vos donn\u00e9es \u00e0 caract\u00e8re personnel, vous pouvez introduire une r\u00e9clamation aupr\u00e8s de la Commission nationale de l\u2019informatique et des libert\u00e9s (CNIL).<\/span><\/p>\n<p>[\/et_pb_text][\/et_pb_column][\/et_pb_row][\/et_pb_section]<\/p>\n","protected":false},"excerpt":{"rendered":"<p>Charte de confidentialit\u00e9 &nbsp; Notre charte de confidentialit\u00e9 et de la protection des donn\u00e9es personnelles (RGPD) a pour but de vous informer par rapport au traitement de vos donn\u00e9es \u00e0 caract\u00e8re personnel. Vos donn\u00e9es personnelles sont s\u00e9curis\u00e9es et sont trait\u00e9es dans le respect de la loi \u201cInformatique et Libert\u00e9\u201d du 6 janvier 1978 et des [&hellip;]<\/p>\n","protected":false},"author":1,"featured_media":0,"parent":0,"menu_order":0,"comment_status":"closed","ping_status":"closed","template":"","meta":{"_et_pb_use_builder":"on","_et_pb_old_content":"","_et_gb_content_width":"","_monsterinsights_skip_tracking":false,"_monsterinsights_sitenote_active":false,"_monsterinsights_sitenote_note":"","_monsterinsights_sitenote_category":0,"footnotes":""},"class_list":["post-1311","page","type-page","status-publish","hentry"],"yoast_head":"<!-- This site is optimized with the Yoast SEO plugin v27.2 - https:\/\/yoast.com\/product\/yoast-seo-wordpress\/ -->\n<title>Charte de confidentialit\u00e9 - Conciergerie Airbnb | My Guest Relation<\/title>\n<meta name=\"description\" content=\"La charte de confidentialit\u00e9 (RGPD) a pour but de vous informer par rapport au traitement de vos donn\u00e9es \u00e0 caract\u00e8re personnel. Vos donn\u00e9es sont s\u00e9curis\u00e9es.\" \/>\n<meta name=\"robots\" content=\"noindex, follow\" \/>\n<meta property=\"og:locale\" content=\"en_US\" \/>\n<meta property=\"og:type\" content=\"article\" \/>\n<meta property=\"og:title\" content=\"Charte de confidentialit\u00e9 - Conciergerie Airbnb | My Guest Relation\" \/>\n<meta property=\"og:description\" content=\"La charte de confidentialit\u00e9 (RGPD) a pour but de vous informer par rapport au traitement de vos donn\u00e9es \u00e0 caract\u00e8re personnel. Vos donn\u00e9es sont s\u00e9curis\u00e9es.\" \/>\n<meta property=\"og:url\" content=\"https:\/\/myguestrelation.com\/en\/charte-de-confidentialite\/\" \/>\n<meta property=\"og:site_name\" content=\"My Guest Relation\" \/>\n<meta property=\"article:publisher\" content=\"https:\/\/www.facebook.com\/GuestRelation06\/\" \/>\n<meta property=\"article:modified_time\" content=\"2024-07-04T14:47:54+00:00\" \/>\n<meta name=\"twitter:card\" content=\"summary_large_image\" \/>\n<meta name=\"twitter:label1\" content=\"Est. reading time\" \/>\n\t<meta name=\"twitter:data1\" content=\"3 minutes\" \/>\n<script type=\"application\/ld+json\" class=\"yoast-schema-graph\">{\"@context\":\"https:\/\/schema.org\",\"@graph\":[{\"@type\":\"WebPage\",\"@id\":\"https:\/\/myguestrelation.com\/charte-de-confidentialite\/\",\"url\":\"https:\/\/myguestrelation.com\/charte-de-confidentialite\/\",\"name\":\"Charte de confidentialit\u00e9 - Conciergerie Airbnb | My Guest Relation\",\"isPartOf\":{\"@id\":\"https:\/\/myguestrelation.com\/#website\"},\"datePublished\":\"2020-01-29T13:17:48+00:00\",\"dateModified\":\"2024-07-04T14:47:54+00:00\",\"description\":\"La charte de confidentialit\u00e9 (RGPD) a pour but de vous informer par rapport au traitement de vos donn\u00e9es \u00e0 caract\u00e8re personnel. Vos donn\u00e9es sont s\u00e9curis\u00e9es.\",\"breadcrumb\":{\"@id\":\"https:\/\/myguestrelation.com\/charte-de-confidentialite\/#breadcrumb\"},\"inLanguage\":\"en-US\",\"potentialAction\":[{\"@type\":\"ReadAction\",\"target\":[\"https:\/\/myguestrelation.com\/charte-de-confidentialite\/\"]}]},{\"@type\":\"BreadcrumbList\",\"@id\":\"https:\/\/myguestrelation.com\/charte-de-confidentialite\/#breadcrumb\",\"itemListElement\":[{\"@type\":\"ListItem\",\"position\":1,\"name\":\"Accueil\",\"item\":\"https:\/\/myguestrelation.com\/\"},{\"@type\":\"ListItem\",\"position\":2,\"name\":\"Charte de confidentialit\u00e9\"}]},{\"@type\":\"WebSite\",\"@id\":\"https:\/\/myguestrelation.com\/#website\",\"url\":\"https:\/\/myguestrelation.com\/\",\"name\":\"My Guest Relation\",\"description\":\"\",\"publisher\":{\"@id\":\"https:\/\/myguestrelation.com\/#organization\"},\"potentialAction\":[{\"@type\":\"SearchAction\",\"target\":{\"@type\":\"EntryPoint\",\"urlTemplate\":\"https:\/\/myguestrelation.com\/?s={search_term_string}\"},\"query-input\":{\"@type\":\"PropertyValueSpecification\",\"valueRequired\":true,\"valueName\":\"search_term_string\"}}],\"inLanguage\":\"en-US\"},{\"@type\":\"Organization\",\"@id\":\"https:\/\/myguestrelation.com\/#organization\",\"name\":\"My Guest Relation\",\"url\":\"https:\/\/myguestrelation.com\/\",\"logo\":{\"@type\":\"ImageObject\",\"inLanguage\":\"en-US\",\"@id\":\"https:\/\/myguestrelation.com\/#\/schema\/logo\/image\/\",\"url\":\"https:\/\/myguestrelation.com\/wp-content\/uploads\/2020\/01\/Logo-final-petit_Guest-Relation.png\",\"contentUrl\":\"https:\/\/myguestrelation.com\/wp-content\/uploads\/2020\/01\/Logo-final-petit_Guest-Relation.png\",\"width\":425,\"height\":510,\"caption\":\"My Guest Relation\"},\"image\":{\"@id\":\"https:\/\/myguestrelation.com\/#\/schema\/logo\/image\/\"},\"sameAs\":[\"https:\/\/www.facebook.com\/GuestRelation06\/\"]}]}<\/script>\n<!-- \/ Yoast SEO plugin. -->","yoast_head_json":{"title":"Charte de confidentialit\u00e9 - Conciergerie Airbnb | My Guest Relation","description":"La charte de confidentialit\u00e9 (RGPD) a pour but de vous informer par rapport au traitement de vos donn\u00e9es \u00e0 caract\u00e8re personnel. Vos donn\u00e9es sont s\u00e9curis\u00e9es.","robots":{"index":"noindex","follow":"follow"},"og_locale":"en_US","og_type":"article","og_title":"Charte de confidentialit\u00e9 - Conciergerie Airbnb | My Guest Relation","og_description":"La charte de confidentialit\u00e9 (RGPD) a pour but de vous informer par rapport au traitement de vos donn\u00e9es \u00e0 caract\u00e8re personnel. Vos donn\u00e9es sont s\u00e9curis\u00e9es.","og_url":"https:\/\/myguestrelation.com\/en\/charte-de-confidentialite\/","og_site_name":"My Guest Relation","article_publisher":"https:\/\/www.facebook.com\/GuestRelation06\/","article_modified_time":"2024-07-04T14:47:54+00:00","twitter_card":"summary_large_image","twitter_misc":{"Est. reading time":"3 minutes"},"schema":{"@context":"https:\/\/schema.org","@graph":[{"@type":"WebPage","@id":"https:\/\/myguestrelation.com\/charte-de-confidentialite\/","url":"https:\/\/myguestrelation.com\/charte-de-confidentialite\/","name":"Charte de confidentialit\u00e9 - Conciergerie Airbnb | My Guest Relation","isPartOf":{"@id":"https:\/\/myguestrelation.com\/#website"},"datePublished":"2020-01-29T13:17:48+00:00","dateModified":"2024-07-04T14:47:54+00:00","description":"La charte de confidentialit\u00e9 (RGPD) a pour but de vous informer par rapport au traitement de vos donn\u00e9es \u00e0 caract\u00e8re personnel. Vos donn\u00e9es sont s\u00e9curis\u00e9es.","breadcrumb":{"@id":"https:\/\/myguestrelation.com\/charte-de-confidentialite\/#breadcrumb"},"inLanguage":"en-US","potentialAction":[{"@type":"ReadAction","target":["https:\/\/myguestrelation.com\/charte-de-confidentialite\/"]}]},{"@type":"BreadcrumbList","@id":"https:\/\/myguestrelation.com\/charte-de-confidentialite\/#breadcrumb","itemListElement":[{"@type":"ListItem","position":1,"name":"Accueil","item":"https:\/\/myguestrelation.com\/"},{"@type":"ListItem","position":2,"name":"Charte de confidentialit\u00e9"}]},{"@type":"WebSite","@id":"https:\/\/myguestrelation.com\/#website","url":"https:\/\/myguestrelation.com\/","name":"My Guest Relation","description":"","publisher":{"@id":"https:\/\/myguestrelation.com\/#organization"},"potentialAction":[{"@type":"SearchAction","target":{"@type":"EntryPoint","urlTemplate":"https:\/\/myguestrelation.com\/?s={search_term_string}"},"query-input":{"@type":"PropertyValueSpecification","valueRequired":true,"valueName":"search_term_string"}}],"inLanguage":"en-US"},{"@type":"Organization","@id":"https:\/\/myguestrelation.com\/#organization","name":"My Guest Relation","url":"https:\/\/myguestrelation.com\/","logo":{"@type":"ImageObject","inLanguage":"en-US","@id":"https:\/\/myguestrelation.com\/#\/schema\/logo\/image\/","url":"https:\/\/myguestrelation.com\/wp-content\/uploads\/2020\/01\/Logo-final-petit_Guest-Relation.png","contentUrl":"https:\/\/myguestrelation.com\/wp-content\/uploads\/2020\/01\/Logo-final-petit_Guest-Relation.png","width":425,"height":510,"caption":"My Guest Relation"},"image":{"@id":"https:\/\/myguestrelation.com\/#\/schema\/logo\/image\/"},"sameAs":["https:\/\/www.facebook.com\/GuestRelation06\/"]}]}},"_links":{"self":[{"href":"https:\/\/myguestrelation.com\/en\/wp-json\/wp\/v2\/pages\/1311","targetHints":{"allow":["GET"]}}],"collection":[{"href":"https:\/\/myguestrelation.com\/en\/wp-json\/wp\/v2\/pages"}],"about":[{"href":"https:\/\/myguestrelation.com\/en\/wp-json\/wp\/v2\/types\/page"}],"author":[{"embeddable":true,"href":"https:\/\/myguestrelation.com\/en\/wp-json\/wp\/v2\/users\/1"}],"replies":[{"embeddable":true,"href":"https:\/\/myguestrelation.com\/en\/wp-json\/wp\/v2\/comments?post=1311"}],"version-history":[{"count":15,"href":"https:\/\/myguestrelation.com\/en\/wp-json\/wp\/v2\/pages\/1311\/revisions"}],"predecessor-version":[{"id":4120,"href":"https:\/\/myguestrelation.com\/en\/wp-json\/wp\/v2\/pages\/1311\/revisions\/4120"}],"wp:attachment":[{"href":"https:\/\/myguestrelation.com\/en\/wp-json\/wp\/v2\/media?parent=1311"}],"curies":[{"name":"wp","href":"https:\/\/api.w.org\/{rel}","templated":true}]}}