{"id":2457,"date":"2023-01-13T15:34:44","date_gmt":"2023-01-13T15:34:44","guid":{"rendered":"https:\/\/myguestrelation.com\/?page_id=2457"},"modified":"2025-05-22T09:25:01","modified_gmt":"2025-05-22T09:25:01","slug":"blog","status":"publish","type":"page","link":"https:\/\/myguestrelation.com\/en\/blog\/","title":{"rendered":"Blog"},"content":{"rendered":"<p>[et_pb_section fb_built=\u00a0\u00bb1&Prime; custom_padding_last_edited=\u00a0\u00bbon|phone\u00a0\u00bb admin_label=\u00a0\u00bbHero section\u00a0\u00bb _builder_version=\u00a0\u00bb4.25.1&Prime; use_background_color_gradient=\u00a0\u00bbon\u00a0\u00bb background_color_gradient_stops=\u00a0\u00bbrgba(58,58,58,0.84) 33%|rgba(61,61,61,0.61) 74%|rgba(109,109,109,0) 100%\u00a0\u00bb background_color_gradient_overlays_image=\u00a0\u00bbon\u00a0\u00bb background_color_gradient_start=\u00a0\u00bbrgba(109,109,109,0)\u00a0\u00bb background_color_gradient_end=\u00a0\u00bbrgba(7,7,40,0.41)\u00a0\u00bb background_image=\u00a0\u00bbhttps:\/\/myguestrelation.com\/wp-content\/uploads\/2023\/01\/blog-conseils-location-airbnb-test.jpg\u00a0\u00bb height=\u00a0\u00bb760px\u00a0\u00bb custom_margin=\u00a0\u00bb||||false|false\u00a0\u00bb custom_padding=\u00a0\u00bb6%||12%||false|false\u00a0\u00bb custom_padding_tablet=\u00a0\u00bb9%||16%||false|false\u00a0\u00bb custom_padding_phone=\u00a0\u00bb15%||25%||false|false\u00a0\u00bb filter_saturate=\u00a0\u00bb101%\u00a0\u00bb filter_contrast=\u00a0\u00bb94%\u00a0\u00bb global_colors_info=\u00a0\u00bb{}\u00a0\u00bb][et_pb_row _builder_version=\u00a0\u00bb4.25.1&Prime; module_alignment=\u00a0\u00bbcenter\u00a0\u00bb custom_margin=\u00a0\u00bb49px||||false|true\u00a0\u00bb custom_margin_tablet=\u00a0\u00bb200px||||false|false\u00a0\u00bb custom_margin_phone=\u00a0\u00bb130px||||false|false\u00a0\u00bb custom_margin_last_edited=\u00a0\u00bbon|phone\u00a0\u00bb custom_padding=\u00a0\u00bb|0px||0px|false|true\u00a0\u00bb global_colors_info=\u00a0\u00bb{}\u00a0\u00bb][et_pb_column type=\u00a0\u00bb4_4&Prime; _builder_version=\u00a0\u00bb4.16&Prime; custom_padding=\u00a0\u00bb1px|||\u00a0\u00bb global_colors_info=\u00a0\u00bb{}\u00a0\u00bb custom_padding__hover=\u00a0\u00bb|||\u00a0\u00bb][et_pb_cta title=\u00a0\u00bbVotre blog\u00a0\u00bb button_url=\u00a0\u00bb#\u00a0\u00bb _builder_version=\u00a0\u00bb4.25.1&Prime; header_level=\u00a0\u00bbh1&Prime; header_font=\u00a0\u00bbDays One|500|||||||\u00a0\u00bb header_text_align=\u00a0\u00bbleft\u00a0\u00bb header_font_size=\u00a0\u00bb49px\u00a0\u00bb header_letter_spacing=\u00a0\u00bb2px\u00a0\u00bb body_font=\u00a0\u00bbMontserrat||||||||\u00a0\u00bb body_text_align=\u00a0\u00bbcenter\u00a0\u00bb body_font_size=\u00a0\u00bb34px\u00a0\u00bb body_line_height=\u00a0\u00bb1.2em\u00a0\u00bb use_background_color=\u00a0\u00bboff\u00a0\u00bb custom_button=\u00a0\u00bbon\u00a0\u00bb button_text_size=\u00a0\u00bb15px\u00a0\u00bb button_text_color=\u00a0\u00bb#ffffff\u00a0\u00bb button_bg_color=\u00a0\u00bb#d0a242&Prime; button_border_width=\u00a0\u00bb5px\u00a0\u00bb button_border_color=\u00a0\u00bb#d0a242&Prime; button_border_radius=\u00a0\u00bb5px\u00a0\u00bb button_letter_spacing=\u00a0\u00bb2px\u00a0\u00bb button_font=\u00a0\u00bbMontserrat|600|||||||\u00a0\u00bb max_width=\u00a0\u00bb1109px\u00a0\u00bb module_alignment=\u00a0\u00bbcenter\u00a0\u00bb custom_margin=\u00a0\u00bb|-40px||27px|false|false\u00a0\u00bb custom_margin_tablet=\u00a0\u00bb80px|0px||0px|false|false\u00a0\u00bb custom_margin_phone=\u00a0\u00bb80px|0px||0px|false|false\u00a0\u00bb custom_margin_last_edited=\u00a0\u00bboff|desktop\u00a0\u00bb custom_padding=\u00a0\u00bb|||7px|false|false\u00a0\u00bb animation_style=\u00a0\u00bbfold\u00a0\u00bb animation_intensity_fold=\u00a0\u00bb16%\u00a0\u00bb header_font_tablet=\u00a0\u00bb\u00a0\u00bb header_font_phone=\u00a0\u00bb\u00a0\u00bb header_font_last_edited=\u00a0\u00bbon|phone\u00a0\u00bb header_font_size_tablet=\u00a0\u00bb46px\u00a0\u00bb header_font_size_phone=\u00a0\u00bb40px\u00a0\u00bb header_font_size_last_edited=\u00a0\u00bbon|phone\u00a0\u00bb body_text_color_tablet=\u00a0\u00bb\u00a0\u00bb body_text_color_phone=\u00a0\u00bb\u00a0\u00bb body_text_color_last_edited=\u00a0\u00bbon|phone\u00a0\u00bb module_alignment_phone=\u00a0\u00bbcenter\u00a0\u00bb module_alignment_last_edited=\u00a0\u00bboff|desktop\u00a0\u00bb box_shadow_style_button=\u00a0\u00bbpreset3&Prime; box_shadow_blur_button=\u00a0\u00bb30px\u00a0\u00bb box_shadow_spread_button=\u00a0\u00bb8px\u00a0\u00bb box_shadow_color_button=\u00a0\u00bbrgba(250,127,40,0.15)\u00a0\u00bb button_letter_spacing_hover=\u00a0\u00bb2px\u00a0\u00bb global_colors_info=\u00a0\u00bb{}\u00a0\u00bb button_text_size__hover_enabled=\u00a0\u00bboff\u00a0\u00bb button_one_text_size__hover_enabled=\u00a0\u00bboff\u00a0\u00bb button_two_text_size__hover_enabled=\u00a0\u00bboff\u00a0\u00bb button_text_color__hover_enabled=\u00a0\u00bboff\u00a0\u00bb button_one_text_color__hover_enabled=\u00a0\u00bboff\u00a0\u00bb button_two_text_color__hover_enabled=\u00a0\u00bboff\u00a0\u00bb button_border_width__hover_enabled=\u00a0\u00bboff\u00a0\u00bb button_one_border_width__hover_enabled=\u00a0\u00bboff\u00a0\u00bb button_two_border_width__hover_enabled=\u00a0\u00bboff\u00a0\u00bb button_border_color__hover_enabled=\u00a0\u00bboff\u00a0\u00bb button_one_border_color__hover_enabled=\u00a0\u00bboff\u00a0\u00bb button_two_border_color__hover_enabled=\u00a0\u00bboff\u00a0\u00bb button_border_radius__hover_enabled=\u00a0\u00bboff\u00a0\u00bb button_one_border_radius__hover_enabled=\u00a0\u00bboff\u00a0\u00bb button_two_border_radius__hover_enabled=\u00a0\u00bboff\u00a0\u00bb button_letter_spacing__hover_enabled=\u00a0\u00bbon\u00a0\u00bb button_letter_spacing__hover=\u00a0\u00bb2px\u00a0\u00bb button_one_letter_spacing__hover_enabled=\u00a0\u00bboff\u00a0\u00bb button_two_letter_spacing__hover_enabled=\u00a0\u00bboff\u00a0\u00bb button_bg_color__hover_enabled=\u00a0\u00bboff\u00a0\u00bb button_one_bg_color__hover_enabled=\u00a0\u00bboff\u00a0\u00bb button_two_bg_color__hover_enabled=\u00a0\u00bboff\u00a0\u00bb]<\/p>\n<p style=\"text-align: left;\">de conseils en location Airbnb<\/p>\n<p>[\/et_pb_cta][\/et_pb_column][\/et_pb_row][\/et_pb_section][et_pb_section fb_built=\u00a0\u00bb1&Prime; admin_label=\u00a0\u00bbsection\u00a0\u00bb _builder_version=\u00a0\u00bb4.20.0&Prime; background_color=\u00a0\u00bb#f7f7f7&Prime; custom_margin=\u00a0\u00bb||||false|false\u00a0\u00bb custom_padding=\u00a0\u00bb70px|||||\u00a0\u00bb global_colors_info=\u00a0\u00bb{}\u00a0\u00bb][et_pb_row _builder_version=\u00a0\u00bb4.27.4&Prime; _module_preset=\u00a0\u00bbdefault\u00a0\u00bb max_width=\u00a0\u00bb1255px\u00a0\u00bb custom_margin=\u00a0\u00bb|auto|-8px|auto||\u00a0\u00bb hover_enabled=\u00a0\u00bb0&Prime; global_colors_info=\u00a0\u00bb{}\u00a0\u00bb sticky_enabled=\u00a0\u00bb0&Prime;][et_pb_column type=\u00a0\u00bb4_4&Prime; _builder_version=\u00a0\u00bb4.19.4&Prime; _module_preset=\u00a0\u00bbdefault\u00a0\u00bb global_colors_info=\u00a0\u00bb{}\u00a0\u00bb][et_pb_blog posts_number=\u00a0\u00bb12&Prime; _builder_version=\u00a0\u00bb4.27.4&Prime; _module_preset=\u00a0\u00bb1ae4a84c-718b-4037-a680-8ed378f483a4&Prime; header_level=\u00a0\u00bbh1&Prime; header_font=\u00a0\u00bbMontserrat|600|||||||\u00a0\u00bb meta_text_color=\u00a0\u00bb#d0a242&Prime; read_more_font=\u00a0\u00bbMontserrat|500||on|||||\u00a0\u00bb max_width=\u00a0\u00bb120%\u00a0\u00bb hover_enabled=\u00a0\u00bb0&Prime; locked=\u00a0\u00bboff\u00a0\u00bb global_colors_info=\u00a0\u00bb{}\u00a0\u00bb pagination_font=\u00a0\u00bbMontserrat|500|||||||\u00a0\u00bb pagination_text_color=\u00a0\u00bb#393c40&Prime; sticky_enabled=\u00a0\u00bb0&Prime;][\/et_pb_blog][\/et_pb_column][\/et_pb_row][et_pb_row _builder_version=\u00a0\u00bb4.16&Prime; custom_margin=\u00a0\u00bb-28px|auto||auto||\u00a0\u00bb global_colors_info=\u00a0\u00bb{}\u00a0\u00bb][et_pb_column type=\u00a0\u00bb4_4&Prime; _builder_version=\u00a0\u00bb4.16&Prime; global_colors_info=\u00a0\u00bb{}\u00a0\u00bb][et_pb_text _builder_version=\u00a0\u00bb4.16&Prime; text_font=\u00a0\u00bbMontserrat|600|||||||\u00a0\u00bb text_text_color=\u00a0\u00bbrgba(91,101,111,0.55)\u00a0\u00bb text_font_size=\u00a0\u00bb16px\u00a0\u00bb text_line_height=\u00a0\u00bb1.6em\u00a0\u00bb text_orientation=\u00a0\u00bbcenter\u00a0\u00bb custom_margin=\u00a0\u00bb-26px|||||\u00a0\u00bb global_colors_info=\u00a0\u00bb{}\u00a0\u00bb][\/et_pb_text][\/et_pb_column][\/et_pb_row][\/et_pb_section]<\/p>\n","protected":false},"excerpt":{"rendered":"<p>of Airbnb rental tips<\/p>","protected":false},"author":1,"featured_media":0,"parent":0,"menu_order":0,"comment_status":"closed","ping_status":"closed","template":"","meta":{"_et_pb_use_builder":"on","_et_pb_old_content":"","_et_gb_content_width":"","_monsterinsights_skip_tracking":false,"_monsterinsights_sitenote_active":false,"_monsterinsights_sitenote_note":"","_monsterinsights_sitenote_category":0,"footnotes":""},"class_list":["post-2457","page","type-page","status-publish","hentry"],"yoast_head":"<!-- This site is optimized with the Yoast SEO plugin v27.2 - https:\/\/yoast.com\/product\/yoast-seo-wordpress\/ -->\n<title>Votre blog de conseils en location Airbnb<\/title>\n<meta name=\"description\" content=\"D\u00e9couvrez sur notre blog les conseils de nos experts en gestion locative, les erreurs \u00e0 \u00e9viter et les strat\u00e9gies gagnantes.\" \/>\n<meta name=\"robots\" content=\"index, follow, max-snippet:-1, max-image-preview:large, max-video-preview:-1\" \/>\n<link rel=\"canonical\" href=\"https:\/\/myguestrelation.com\/en\/blog\/\" \/>\n<meta property=\"og:locale\" content=\"en_US\" \/>\n<meta property=\"og:type\" content=\"article\" \/>\n<meta property=\"og:title\" content=\"Votre blog de conseils en location Airbnb\" \/>\n<meta property=\"og:description\" content=\"D\u00e9couvrez sur notre blog les conseils de nos experts en gestion locative, les erreurs \u00e0 \u00e9viter et les strat\u00e9gies gagnantes.\" \/>\n<meta property=\"og:url\" content=\"https:\/\/myguestrelation.com\/en\/blog\/\" \/>\n<meta property=\"og:site_name\" content=\"My Guest Relation\" \/>\n<meta property=\"article:publisher\" content=\"https:\/\/www.facebook.com\/GuestRelation06\/\" \/>\n<meta property=\"article:modified_time\" content=\"2025-05-22T09:25:01+00:00\" \/>\n<meta name=\"twitter:card\" content=\"summary_large_image\" \/>\n<meta name=\"twitter:label1\" content=\"Est. reading time\" \/>\n\t<meta name=\"twitter:data1\" content=\"3 minutes\" \/>\n<script type=\"application\/ld+json\" class=\"yoast-schema-graph\">{\"@context\":\"https:\/\/schema.org\",\"@graph\":[{\"@type\":\"WebPage\",\"@id\":\"https:\/\/myguestrelation.com\/blog\/\",\"url\":\"https:\/\/myguestrelation.com\/blog\/\",\"name\":\"Votre blog de conseils en location Airbnb\",\"isPartOf\":{\"@id\":\"https:\/\/myguestrelation.com\/#website\"},\"datePublished\":\"2023-01-13T15:34:44+00:00\",\"dateModified\":\"2025-05-22T09:25:01+00:00\",\"description\":\"D\u00e9couvrez sur notre blog les conseils de nos experts en gestion locative, les erreurs \u00e0 \u00e9viter et les strat\u00e9gies gagnantes.\",\"breadcrumb\":{\"@id\":\"https:\/\/myguestrelation.com\/blog\/#breadcrumb\"},\"inLanguage\":\"en-US\",\"potentialAction\":[{\"@type\":\"ReadAction\",\"target\":[\"https:\/\/myguestrelation.com\/blog\/\"]}]},{\"@type\":\"BreadcrumbList\",\"@id\":\"https:\/\/myguestrelation.com\/blog\/#breadcrumb\",\"itemListElement\":[{\"@type\":\"ListItem\",\"position\":1,\"name\":\"Accueil\",\"item\":\"https:\/\/myguestrelation.com\/\"},{\"@type\":\"ListItem\",\"position\":2,\"name\":\"Blog\"}]},{\"@type\":\"WebSite\",\"@id\":\"https:\/\/myguestrelation.com\/#website\",\"url\":\"https:\/\/myguestrelation.com\/\",\"name\":\"My Guest Relation\",\"description\":\"\",\"publisher\":{\"@id\":\"https:\/\/myguestrelation.com\/#organization\"},\"potentialAction\":[{\"@type\":\"SearchAction\",\"target\":{\"@type\":\"EntryPoint\",\"urlTemplate\":\"https:\/\/myguestrelation.com\/?s={search_term_string}\"},\"query-input\":{\"@type\":\"PropertyValueSpecification\",\"valueRequired\":true,\"valueName\":\"search_term_string\"}}],\"inLanguage\":\"en-US\"},{\"@type\":\"Organization\",\"@id\":\"https:\/\/myguestrelation.com\/#organization\",\"name\":\"My Guest Relation\",\"url\":\"https:\/\/myguestrelation.com\/\",\"logo\":{\"@type\":\"ImageObject\",\"inLanguage\":\"en-US\",\"@id\":\"https:\/\/myguestrelation.com\/#\/schema\/logo\/image\/\",\"url\":\"https:\/\/myguestrelation.com\/wp-content\/uploads\/2020\/01\/Logo-final-petit_Guest-Relation.png\",\"contentUrl\":\"https:\/\/myguestrelation.com\/wp-content\/uploads\/2020\/01\/Logo-final-petit_Guest-Relation.png\",\"width\":425,\"height\":510,\"caption\":\"My Guest Relation\"},\"image\":{\"@id\":\"https:\/\/myguestrelation.com\/#\/schema\/logo\/image\/\"},\"sameAs\":[\"https:\/\/www.facebook.com\/GuestRelation06\/\"]}]}<\/script>\n<!-- \/ Yoast SEO plugin. -->","yoast_head_json":{"title":"Votre blog de conseils en location Airbnb","description":"D\u00e9couvrez sur notre blog les conseils de nos experts en gestion locative, les erreurs \u00e0 \u00e9viter et les strat\u00e9gies gagnantes.","robots":{"index":"index","follow":"follow","max-snippet":"max-snippet:-1","max-image-preview":"max-image-preview:large","max-video-preview":"max-video-preview:-1"},"canonical":"https:\/\/myguestrelation.com\/en\/blog\/","og_locale":"en_US","og_type":"article","og_title":"Votre blog de conseils en location Airbnb","og_description":"D\u00e9couvrez sur notre blog les conseils de nos experts en gestion locative, les erreurs \u00e0 \u00e9viter et les strat\u00e9gies gagnantes.","og_url":"https:\/\/myguestrelation.com\/en\/blog\/","og_site_name":"My Guest Relation","article_publisher":"https:\/\/www.facebook.com\/GuestRelation06\/","article_modified_time":"2025-05-22T09:25:01+00:00","twitter_card":"summary_large_image","twitter_misc":{"Est. reading time":"3 minutes"},"schema":{"@context":"https:\/\/schema.org","@graph":[{"@type":"WebPage","@id":"https:\/\/myguestrelation.com\/blog\/","url":"https:\/\/myguestrelation.com\/blog\/","name":"Votre blog de conseils en location Airbnb","isPartOf":{"@id":"https:\/\/myguestrelation.com\/#website"},"datePublished":"2023-01-13T15:34:44+00:00","dateModified":"2025-05-22T09:25:01+00:00","description":"D\u00e9couvrez sur notre blog les conseils de nos experts en gestion locative, les erreurs \u00e0 \u00e9viter et les strat\u00e9gies gagnantes.","breadcrumb":{"@id":"https:\/\/myguestrelation.com\/blog\/#breadcrumb"},"inLanguage":"en-US","potentialAction":[{"@type":"ReadAction","target":["https:\/\/myguestrelation.com\/blog\/"]}]},{"@type":"BreadcrumbList","@id":"https:\/\/myguestrelation.com\/blog\/#breadcrumb","itemListElement":[{"@type":"ListItem","position":1,"name":"Accueil","item":"https:\/\/myguestrelation.com\/"},{"@type":"ListItem","position":2,"name":"Blog"}]},{"@type":"WebSite","@id":"https:\/\/myguestrelation.com\/#website","url":"https:\/\/myguestrelation.com\/","name":"My Guest Relation","description":"","publisher":{"@id":"https:\/\/myguestrelation.com\/#organization"},"potentialAction":[{"@type":"SearchAction","target":{"@type":"EntryPoint","urlTemplate":"https:\/\/myguestrelation.com\/?s={search_term_string}"},"query-input":{"@type":"PropertyValueSpecification","valueRequired":true,"valueName":"search_term_string"}}],"inLanguage":"en-US"},{"@type":"Organization","@id":"https:\/\/myguestrelation.com\/#organization","name":"My Guest Relation","url":"https:\/\/myguestrelation.com\/","logo":{"@type":"ImageObject","inLanguage":"en-US","@id":"https:\/\/myguestrelation.com\/#\/schema\/logo\/image\/","url":"https:\/\/myguestrelation.com\/wp-content\/uploads\/2020\/01\/Logo-final-petit_Guest-Relation.png","contentUrl":"https:\/\/myguestrelation.com\/wp-content\/uploads\/2020\/01\/Logo-final-petit_Guest-Relation.png","width":425,"height":510,"caption":"My Guest Relation"},"image":{"@id":"https:\/\/myguestrelation.com\/#\/schema\/logo\/image\/"},"sameAs":["https:\/\/www.facebook.com\/GuestRelation06\/"]}]}},"_links":{"self":[{"href":"https:\/\/myguestrelation.com\/en\/wp-json\/wp\/v2\/pages\/2457","targetHints":{"allow":["GET"]}}],"collection":[{"href":"https:\/\/myguestrelation.com\/en\/wp-json\/wp\/v2\/pages"}],"about":[{"href":"https:\/\/myguestrelation.com\/en\/wp-json\/wp\/v2\/types\/page"}],"author":[{"embeddable":true,"href":"https:\/\/myguestrelation.com\/en\/wp-json\/wp\/v2\/users\/1"}],"replies":[{"embeddable":true,"href":"https:\/\/myguestrelation.com\/en\/wp-json\/wp\/v2\/comments?post=2457"}],"version-history":[{"count":28,"href":"https:\/\/myguestrelation.com\/en\/wp-json\/wp\/v2\/pages\/2457\/revisions"}],"predecessor-version":[{"id":5360,"href":"https:\/\/myguestrelation.com\/en\/wp-json\/wp\/v2\/pages\/2457\/revisions\/5360"}],"wp:attachment":[{"href":"https:\/\/myguestrelation.com\/en\/wp-json\/wp\/v2\/media?parent=2457"}],"curies":[{"name":"wp","href":"https:\/\/api.w.org\/{rel}","templated":true}]}}